{"id":12875,"date":"2022-12-20T05:10:35","date_gmt":"2022-12-20T05:10:35","guid":{"rendered":"https:\/\/damlainshaat.az\/%d0%bf%d1%80%d0%be%d0%b5%d0%ba%d1%82%d1%8b\/"},"modified":"2025-01-18T09:02:29","modified_gmt":"2025-01-18T09:02:29","slug":"%d0%bf%d1%80%d0%be%d0%b5%d0%ba%d1%82%d1%8b","status":"publish","type":"page","link":"https:\/\/damlainshaat.az\/ru\/%d0%bf%d1%80%d0%be%d0%b5%d0%ba%d1%82%d1%8b\/","title":{"rendered":"\u041f\u0440\u043e\u0435\u043a\u0442\u044b"},"content":{"rendered":"\t\t<div data-elementor-type=\"wp-page\" data-elementor-id=\"12875\" class=\"elementor elementor-12875\" data-elementor-post-type=\"page\">\n\t\t\t\t        <section class=\"elementor-section elementor-top-section elementor-element elementor-element-13640eb elementor-section-full_width elementor-section-height-default elementor-section-height-default pxl-section-offset-none pxl-section-line-left-no pxl-section-line-right-no pxl-section-static-pos-no pxl-section-overflow-hidden-no\" data-id=\"13640eb\" data-element_type=\"section\">\n\n                \n                <div class=\"elementor-container elementor-column-gap-no \">\n                <div class=\"elementor-column elementor-col-100 elementor-top-column elementor-element elementor-element-8ef308a pxl-column-element-default pxl-column-overflow-hidden-no\" data-id=\"8ef308a\" data-element_type=\"column\">\r\n        <div class=\"elementor-widget-wrap elementor-element-populated\">\r\n                     \r\n        \t\t<div class=\"elementor-element elementor-element-a6c4c2f pxl-wg-bd-anm-no elementor-widget elementor-widget-pxl_portfolio_spilt\" data-id=\"a6c4c2f\" data-element_type=\"widget\" data-widget_type=\"pxl_portfolio_spilt.default\">\n\t\t\t\t<div class=\"elementor-widget-container\">\n\t\t\t\t\t\r\n<div id=\"pxl_portfolio_spilt-a6c4c2f-3560\" class=\"pxl-portfolio-spilt layout-portfolio-spilt-1\">\r\n       \r\n    <div class=\"pxl-portfolio-spilt-inner\"> \r\n    \t    \t\t\t    \t<div class=\"portfolio-item\">\r\n\t\t\t  \t<div class=\"item-wrap\">\r\n\t\t\t\t    <div class=\"item-inner\">\r\n\t\t\t\t    \t<div class=\"content-wrap row gx-0\">\r\n\t\t\t\t\t\t\t<div class=\"col-content col-12 col-md-6 align-self-center\">\r\n\t\t\t\t\t\t\t\t<h3 class=\"item-title\">\u0413\u0438\u0434\u0440\u043e\u0438\u0437\u043e\u043b\u044f\u0446\u0438\u044f \u043a\u0440\u044b\u0448\u0438 \u0447\u0430\u0441\u0442\u043d\u043e\u0439 \u0432\u0438\u043b\u043b\u044b<\/a><\/h3>\r\n\t\t\t\t\t\t\t\t\t\t\t                    \t\t\t\t\t\t\t\t\t<div class=\"item-readmore\">\r\n\t\t\t                            <a href=\"https:\/\/damlainshaat.az\/ru\/portfolio\/s%c9%99xsi-villanin-daminin-suya-qarsi-izolyasiya\/\" class=\"pxl-btn outline-under draw in-dark\">\r\n\t\t\t                                <span class=\"draw-top-right\"><\/span>\r\n\t\t\t                                <span class=\"draw-bottom-left\"><\/span>\r\n\t\t\t                                <span class=\"pxl-button-text\">\u041f\u043e\u0434\u0440\u043e\u0431\u043d\u0435\u0435<\/span>\r\n\t\t\t                            <\/a>\r\n\t\t\t                        <\/div>\r\n\t\t                        \t\t\t\t\t\t\t<\/div>\r\n\t\t\t\t\t\t\t\t\t\t\t\t\t\t<div class=\"col-img col-12 col-md-6\">\r\n                                <div class=\"item-image\" style=\"background: url(https:\/\/damlainshaat.az\/wp-content\/uploads\/2022\/06\/sexsi-villanin-dami-692x962.webp) center no-repeat; background-size: cover;\">\r\n                                    <img fetchpriority=\"high\" decoding=\"async\" class=\"no-lazyload \" src=\"https:\/\/damlainshaat.az\/wp-content\/uploads\/2022\/06\/sexsi-villanin-dami-692x962.webp\" width=\"692\" height=\"962\" alt=\"sexsi villanin dami ESAS\" title=\"sexsi villanin dami ESAS\" \/>                                <\/div>\r\n\t\t\t\t\t\t\t<\/div>\r\n\t\t\t\t\t\t\t\t\t\t\t\t\t<\/div>\r\n\t\t\t\t    <\/div>\r\n\t\t\t  \t<\/div>\r\n\t\t\t<\/div>\r\n\t\t    \t\t\t    \t<div class=\"portfolio-item\">\r\n\t\t\t  \t<div class=\"item-wrap\">\r\n\t\t\t\t    <div class=\"item-inner\">\r\n\t\t\t\t    \t<div class=\"content-wrap row gx-0\">\r\n\t\t\t\t\t\t\t<div class=\"col-content col-12 col-md-6 align-self-center\">\r\n\t\t\t\t\t\t\t\t<h3 class=\"item-title\">\u041f\u0430\u0440\u043a\u043e\u0432\u043e\u0447\u043d\u043e\u0435 \u044d\u043f\u043e\u043a\u0441\u0438\u0434\u043d\u043e\u0435 \u043f\u043e\u043a\u0440\u044b\u0442\u0438\u0435<\/a><\/h3>\r\n\t\t\t\t\t\t\t\t\t\t\t                    \t\t\t\t\t\t\t\t\t<div class=\"item-readmore\">\r\n\t\t\t                            <a href=\"https:\/\/damlainshaat.az\/ru\/portfolio\/%d0%bf%d0%b0%d1%80%d0%ba%d0%be%d0%b2%d0%be%d1%87%d0%bd%d0%be%d0%b5-%d1%8d%d0%bf%d0%be%d0%ba%d1%81%d0%b8%d0%b4%d0%bd%d0%be%d0%b5-%d0%bf%d0%be%d0%ba%d1%80%d1%8b%d1%82%d0%b8%d0%b5\/\" class=\"pxl-btn outline-under draw in-dark\">\r\n\t\t\t                                <span class=\"draw-top-right\"><\/span>\r\n\t\t\t                                <span class=\"draw-bottom-left\"><\/span>\r\n\t\t\t                                <span class=\"pxl-button-text\">\u041f\u043e\u0434\u0440\u043e\u0431\u043d\u0435\u0435<\/span>\r\n\t\t\t                            <\/a>\r\n\t\t\t                        <\/div>\r\n\t\t                        \t\t\t\t\t\t\t<\/div>\r\n\t\t\t\t\t\t\t\t\t\t\t\t\t\t<div class=\"col-img col-12 col-md-6\">\r\n                                <div class=\"item-image\" style=\"background: url(https:\/\/damlainshaat.az\/wp-content\/uploads\/2022\/06\/Parking-epoksid-ortuyu-ESAS-692x962.webp) center no-repeat; background-size: cover;\">\r\n                                    <img decoding=\"async\" class=\"no-lazyload \" src=\"https:\/\/damlainshaat.az\/wp-content\/uploads\/2022\/06\/Parking-epoksid-ortuyu-ESAS-692x962.webp\" width=\"692\" height=\"962\" alt=\"Parking epoksid o\u0308rtu\u0308yu\u0308 ESAS\" title=\"Parking epoksid o\u0308rtu\u0308yu\u0308 ESAS\" \/>                                <\/div>\r\n\t\t\t\t\t\t\t<\/div>\r\n\t\t\t\t\t\t\t\t\t\t\t\t\t<\/div>\r\n\t\t\t\t    <\/div>\r\n\t\t\t  \t<\/div>\r\n\t\t\t<\/div>\r\n\t\t    \t\t\t    \t<div class=\"portfolio-item\">\r\n\t\t\t  \t<div class=\"item-wrap\">\r\n\t\t\t\t    <div class=\"item-inner\">\r\n\t\t\t\t    \t<div class=\"content-wrap row gx-0\">\r\n\t\t\t\t\t\t\t<div class=\"col-content col-12 col-md-6 align-self-center\">\r\n\t\t\t\t\t\t\t\t<h3 class=\"item-title\">\u0418\u0437\u043e\u043b\u044f\u0446\u0438\u044f \u0442\u0435\u0440\u0440\u0430\u0441\u044b<\/a><\/h3>\r\n\t\t\t\t\t\t\t\t\t\t\t                    \t\t\t\t\t\t\t\t\t<div class=\"item-readmore\">\r\n\t\t\t                            <a href=\"https:\/\/damlainshaat.az\/ru\/portfolio\/%d0%b8%d0%b7%d0%be%d0%bb%d1%8f%d1%86%d0%b8%d1%8f-%d1%82%d0%b5%d1%80%d0%b0%d1%81%d1%81%d1%8b\/\" class=\"pxl-btn outline-under draw in-dark\">\r\n\t\t\t                                <span class=\"draw-top-right\"><\/span>\r\n\t\t\t                                <span class=\"draw-bottom-left\"><\/span>\r\n\t\t\t                                <span class=\"pxl-button-text\">\u041f\u043e\u0434\u0440\u043e\u0431\u043d\u0435\u0435<\/span>\r\n\t\t\t                            <\/a>\r\n\t\t\t                        <\/div>\r\n\t\t                        \t\t\t\t\t\t\t<\/div>\r\n\t\t\t\t\t\t\t\t\t\t\t\t\t\t<div class=\"col-img col-12 col-md-6\">\r\n                                <div class=\"item-image\" style=\"background: url(https:\/\/damlainshaat.az\/wp-content\/uploads\/2022\/06\/Park-Cinar-terras-izolyasiyaESAS-692x962.webp) center no-repeat; background-size: cover;\">\r\n                                    <img decoding=\"async\" class=\"no-lazyload \" src=\"https:\/\/damlainshaat.az\/wp-content\/uploads\/2022\/06\/Park-Cinar-terras-izolyasiyaESAS-692x962.webp\" width=\"692\" height=\"962\" alt=\"Park C\u0327inar terras izolyasiyaESAS\" title=\"Park C\u0327inar terras izolyasiyaESAS\" \/>                                <\/div>\r\n\t\t\t\t\t\t\t<\/div>\r\n\t\t\t\t\t\t\t\t\t\t\t\t\t<\/div>\r\n\t\t\t\t    <\/div>\r\n\t\t\t  \t<\/div>\r\n\t\t\t<\/div>\r\n\t\t    \t\t\t    \t<div class=\"portfolio-item\">\r\n\t\t\t  \t<div class=\"item-wrap\">\r\n\t\t\t\t    <div class=\"item-inner\">\r\n\t\t\t\t    \t<div class=\"content-wrap row gx-0\">\r\n\t\t\t\t\t\t\t<div class=\"col-content col-12 col-md-6 align-self-center\">\r\n\t\t\t\t\t\t\t\t<h3 class=\"item-title\">\u0418\u0437\u043e\u043b\u044f\u0446\u0438\u044f \u0438\u0441\u043a\u0443\u0441\u0441\u0442\u0432\u0435\u043d\u043d\u043e\u0433\u043e \u043e\u0437\u0435\u0440\u0430<\/a><\/h3>\r\n\t\t\t\t\t\t\t\t\t\t\t                    \t\t\t\t\t\t\t\t\t<div class=\"item-readmore\">\r\n\t\t\t                            <a href=\"https:\/\/damlainshaat.az\/ru\/portfolio\/%d0%b8%d0%b7%d0%be%d0%bb%d1%8f%d1%86%d0%b8%d1%8f-%d0%b8%d1%81%d0%ba%d1%83%d1%81%d1%81%d1%82%d0%b2%d0%b5%d0%bd%d0%bd%d0%be%d0%b3%d0%be-%d0%be%d0%b7%d0%b5%d1%80%d0%b0\/\" class=\"pxl-btn outline-under draw in-dark\">\r\n\t\t\t                                <span class=\"draw-top-right\"><\/span>\r\n\t\t\t                                <span class=\"draw-bottom-left\"><\/span>\r\n\t\t\t                                <span class=\"pxl-button-text\">\u041f\u043e\u0434\u0440\u043e\u0431\u043d\u0435\u0435<\/span>\r\n\t\t\t                            <\/a>\r\n\t\t\t                        <\/div>\r\n\t\t                        \t\t\t\t\t\t\t<\/div>\r\n\t\t\t\t\t\t\t\t\t\t\t\t\t\t<div class=\"col-img col-12 col-md-6\">\r\n                                <div class=\"item-image\" style=\"background: url(https:\/\/damlainshaat.az\/wp-content\/uploads\/2022\/06\/Suni-gol-izolyasiyaESAS-1-692x962.webp) center no-repeat; background-size: cover;\">\r\n                                    <img loading=\"lazy\" decoding=\"async\" class=\"no-lazyload \" src=\"https:\/\/damlainshaat.az\/wp-content\/uploads\/2022\/06\/Suni-gol-izolyasiyaESAS-1-692x962.webp\" width=\"692\" height=\"962\" alt=\"Su\u0308ni go\u0308l izolyasiyaESAS (1)\" title=\"Su\u0308ni go\u0308l izolyasiyaESAS (1)\" \/>                                <\/div>\r\n\t\t\t\t\t\t\t<\/div>\r\n\t\t\t\t\t\t\t\t\t\t\t\t\t<\/div>\r\n\t\t\t\t    <\/div>\r\n\t\t\t  \t<\/div>\r\n\t\t\t<\/div>\r\n\t\t    \t\t\t    \t<div class=\"portfolio-item\">\r\n\t\t\t  \t<div class=\"item-wrap\">\r\n\t\t\t\t    <div class=\"item-inner\">\r\n\t\t\t\t    \t<div class=\"content-wrap row gx-0\">\r\n\t\t\t\t\t\t\t<div class=\"col-content col-12 col-md-6 align-self-center\">\r\n\t\t\t\t\t\t\t\t<h3 class=\"item-title\">\u041f\u043e\u043b\u0438\u0440\u043e\u0432\u043a\u0430 \u0431\u0435\u0442\u043e\u043d\u0430<\/a><\/h3>\r\n\t\t\t\t\t\t\t\t\t\t\t                    \t\t\t\t\t\t\t\t\t<div class=\"item-readmore\">\r\n\t\t\t                            <a href=\"https:\/\/damlainshaat.az\/ru\/portfolio\/%d0%bf%d0%be%d0%bb%d0%b8%d1%80%d0%be%d0%b2%d0%ba%d0%b0-%d0%b1%d0%b5%d1%82%d0%be%d0%bd%d0%b0\/\" class=\"pxl-btn outline-under draw in-dark\">\r\n\t\t\t                                <span class=\"draw-top-right\"><\/span>\r\n\t\t\t                                <span class=\"draw-bottom-left\"><\/span>\r\n\t\t\t                                <span class=\"pxl-button-text\">\u041f\u043e\u0434\u0440\u043e\u0431\u043d\u0435\u0435<\/span>\r\n\t\t\t                            <\/a>\r\n\t\t\t                        <\/div>\r\n\t\t                        \t\t\t\t\t\t\t<\/div>\r\n\t\t\t\t\t\t\t\t\t\t\t\t\t\t<div class=\"col-img col-12 col-md-6\">\r\n                                <div class=\"item-image\" style=\"background: url(https:\/\/damlainshaat.az\/wp-content\/uploads\/2022\/06\/Beton-parlatmaESAS-692x962.webp) center no-repeat; background-size: cover;\">\r\n                                    <img loading=\"lazy\" decoding=\"async\" class=\"no-lazyload \" src=\"https:\/\/damlainshaat.az\/wp-content\/uploads\/2022\/06\/Beton-parlatmaESAS-692x962.webp\" width=\"692\" height=\"962\" alt=\"Beton parlatmaESAS\" title=\"Beton parlatmaESAS\" \/>                                <\/div>\r\n\t\t\t\t\t\t\t<\/div>\r\n\t\t\t\t\t\t\t\t\t\t\t\t\t<\/div>\r\n\t\t\t\t    <\/div>\r\n\t\t\t  \t<\/div>\r\n\t\t\t<\/div>\r\n\t\t    \t\t\t    \t<div class=\"portfolio-item\">\r\n\t\t\t  \t<div class=\"item-wrap\">\r\n\t\t\t\t    <div class=\"item-inner\">\r\n\t\t\t\t    \t<div class=\"content-wrap row gx-0\">\r\n\t\t\t\t\t\t\t<div class=\"col-content col-12 col-md-6 align-self-center\">\r\n\t\t\t\t\t\t\t\t<h3 class=\"item-title\">\u042d\u043f\u043e\u043a\u0441\u0438\u0434\u043d\u043e\u0435 \u043f\u043e\u043a\u0440\u044b\u0442\u0438\u0435 Ayta MTK<\/a><\/h3>\r\n\t\t\t\t\t\t\t\t\t\t\t                    \t\t\t\t\t\t\t\t\t<div class=\"item-readmore\">\r\n\t\t\t                            <a href=\"https:\/\/damlainshaat.az\/ru\/portfolio\/%d1%8d%d0%bf%d0%be%d0%ba%d1%81%d0%b8%d0%b4%d0%bd%d0%be%d0%b5-%d0%bf%d0%be%d0%ba%d1%80%d1%8b%d1%82%d0%b8%d0%b5-ayta-mtk\/\" class=\"pxl-btn outline-under draw in-dark\">\r\n\t\t\t                                <span class=\"draw-top-right\"><\/span>\r\n\t\t\t                                <span class=\"draw-bottom-left\"><\/span>\r\n\t\t\t                                <span class=\"pxl-button-text\">\u041f\u043e\u0434\u0440\u043e\u0431\u043d\u0435\u0435<\/span>\r\n\t\t\t                            <\/a>\r\n\t\t\t                        <\/div>\r\n\t\t                        \t\t\t\t\t\t\t<\/div>\r\n\t\t\t\t\t\t\t\t\t\t\t\t\t\t<div class=\"col-img col-12 col-md-6\">\r\n                                <div class=\"item-image\" style=\"background: url(https:\/\/damlainshaat.az\/wp-content\/uploads\/2022\/06\/Ayta-MTK-epoksi-ortuyuESAS-692x962.webp) center no-repeat; background-size: cover;\">\r\n                                    <img loading=\"lazy\" decoding=\"async\" class=\"no-lazyload \" src=\"https:\/\/damlainshaat.az\/wp-content\/uploads\/2022\/06\/Ayta-MTK-epoksi-ortuyuESAS-692x962.webp\" width=\"692\" height=\"962\" alt=\"Ayta MTK epoksi o\u0308rtu\u0308yu\u0308ESAS\" title=\"Ayta MTK epoksi o\u0308rtu\u0308yu\u0308ESAS\" \/>                                <\/div>\r\n\t\t\t\t\t\t\t<\/div>\r\n\t\t\t\t\t\t\t\t\t\t\t\t\t<\/div>\r\n\t\t\t\t    <\/div>\r\n\t\t\t  \t<\/div>\r\n\t\t\t<\/div>\r\n\t\t    \t\t\t    \t<div class=\"portfolio-item\">\r\n\t\t\t  \t<div class=\"item-wrap\">\r\n\t\t\t\t    <div class=\"item-inner\">\r\n\t\t\t\t    \t<div class=\"content-wrap row gx-0\">\r\n\t\t\t\t\t\t\t<div class=\"col-content col-12 col-md-6 align-self-center\">\r\n\t\t\t\t\t\t\t\t<h3 class=\"item-title\">\u0411\u0430\u0437\u043e\u0432\u0430\u044f \u0433\u0438\u0434\u0440\u043e\u0438\u0437\u043e\u043b\u044f\u0446\u0438\u044f<\/a><\/h3>\r\n\t\t\t\t\t\t\t\t\t\t\t                    \t\t\t\t\t\t\t\t\t<div class=\"item-readmore\">\r\n\t\t\t                            <a href=\"https:\/\/damlainshaat.az\/ru\/portfolio\/%d0%b1%d0%b0%d0%b7%d0%be%d0%b2%d0%b0%d1%8f-%d0%b3%d0%b8%d0%b4%d1%80%d0%be%d0%b8%d0%b7%d0%be%d0%bb%d1%8f%d1%86%d0%b8%d1%8f\/\" class=\"pxl-btn outline-under draw in-dark\">\r\n\t\t\t                                <span class=\"draw-top-right\"><\/span>\r\n\t\t\t                                <span class=\"draw-bottom-left\"><\/span>\r\n\t\t\t                                <span class=\"pxl-button-text\">\u041f\u043e\u0434\u0440\u043e\u0431\u043d\u0435\u0435<\/span>\r\n\t\t\t                            <\/a>\r\n\t\t\t                        <\/div>\r\n\t\t                        \t\t\t\t\t\t\t<\/div>\r\n\t\t\t\t\t\t\t\t\t\t\t\t\t\t<div class=\"col-img col-12 col-md-6\">\r\n                                <div class=\"item-image\" style=\"background: url(https:\/\/damlainshaat.az\/wp-content\/uploads\/2022\/06\/Sea-Breeze-t\u0259m\u0259l-su-izolyasiyasiESAS-692x962.webp) center no-repeat; background-size: cover;\">\r\n                                    <img loading=\"lazy\" decoding=\"async\" class=\"no-lazyload \" src=\"https:\/\/damlainshaat.az\/wp-content\/uploads\/2022\/06\/Sea-Breeze-t\u0259m\u0259l-su-izolyasiyasiESAS-692x962.webp\" width=\"692\" height=\"962\" alt=\"Sea Breeze t\u0259m\u0259l su izolyasiyas\u0131ESAS\" title=\"Sea Breeze t\u0259m\u0259l su izolyasiyas\u0131ESAS\" \/>                                <\/div>\r\n\t\t\t\t\t\t\t<\/div>\r\n\t\t\t\t\t\t\t\t\t\t\t\t\t<\/div>\r\n\t\t\t\t    <\/div>\r\n\t\t\t  \t<\/div>\r\n\t\t\t<\/div>\r\n\t\t    \t\t\t    \t<div class=\"portfolio-item\">\r\n\t\t\t  \t<div class=\"item-wrap\">\r\n\t\t\t\t    <div class=\"item-inner\">\r\n\t\t\t\t    \t<div class=\"content-wrap row gx-0\">\r\n\t\t\t\t\t\t\t<div class=\"col-content col-12 col-md-6 align-self-center\">\r\n\t\t\t\t\t\t\t\t<h3 class=\"item-title\">\u0423\u0442\u0435\u043f\u043b\u0435\u043d\u0438\u0435 \u043a\u0440\u044b\u0448\u0438 \u0436\u0438\u043b\u043e\u0433\u043e \u0434\u043e\u043c\u0430 XPS-PVC<\/a><\/h3>\r\n\t\t\t\t\t\t\t\t\t\t\t                    \t\t\t\t\t\t\t\t\t<div class=\"item-readmore\">\r\n\t\t\t                            <a href=\"https:\/\/damlainshaat.az\/ru\/portfolio\/%d1%83%d1%82%d0%b5%d0%bf%d0%bb%d0%b5%d0%bd%d0%b8%d0%b5-%d0%ba%d1%80%d1%8b%d1%88%d0%b8-%d0%b6%d0%b8%d0%bb%d0%be%d0%b3%d0%be-%d0%b4%d0%be%d0%bc%d0%b0-xps-pvc\/\" class=\"pxl-btn outline-under draw in-dark\">\r\n\t\t\t                                <span class=\"draw-top-right\"><\/span>\r\n\t\t\t                                <span class=\"draw-bottom-left\"><\/span>\r\n\t\t\t                                <span class=\"pxl-button-text\">\u041f\u043e\u0434\u0440\u043e\u0431\u043d\u0435\u0435<\/span>\r\n\t\t\t                            <\/a>\r\n\t\t\t                        <\/div>\r\n\t\t                        \t\t\t\t\t\t\t<\/div>\r\n\t\t\t\t\t\t\t\t\t\t\t\t\t\t<div class=\"col-img col-12 col-md-6\">\r\n                                <div class=\"item-image\" style=\"background: url(https:\/\/damlainshaat.az\/wp-content\/uploads\/2022\/06\/Sumqayitda-yasayis-binasinin-daminda-XPS-PVC-izolyasiyaESAS-692x962.webp) center no-repeat; background-size: cover;\">\r\n                                    <img loading=\"lazy\" decoding=\"async\" class=\"no-lazyload \" src=\"https:\/\/damlainshaat.az\/wp-content\/uploads\/2022\/06\/Sumqayitda-yasayis-binasinin-daminda-XPS-PVC-izolyasiyaESAS-692x962.webp\" width=\"692\" height=\"962\" alt=\"Sumqay\u0131tda yas\u0327ay\u0131s\u0327 binas\u0131n\u0131n dam\u0131nda XPS-PVC izolyasiyaESAS\" title=\"Sumqay\u0131tda yas\u0327ay\u0131s\u0327 binas\u0131n\u0131n dam\u0131nda XPS-PVC izolyasiyaESAS\" \/>                                <\/div>\r\n\t\t\t\t\t\t\t<\/div>\r\n\t\t\t\t\t\t\t\t\t\t\t\t\t<\/div>\r\n\t\t\t\t    <\/div>\r\n\t\t\t  \t<\/div>\r\n\t\t\t<\/div>\r\n\t\t    \t\t\t    \t<div class=\"portfolio-item\">\r\n\t\t\t  \t<div class=\"item-wrap\">\r\n\t\t\t\t    <div class=\"item-inner\">\r\n\t\t\t\t    \t<div class=\"content-wrap row gx-0\">\r\n\t\t\t\t\t\t\t<div class=\"col-content col-12 col-md-6 align-self-center\">\r\n\t\t\t\t\t\t\t\t<h3 class=\"item-title\">\u0423\u0442\u0435\u043f\u043b\u0435\u043d\u0438\u0435 \u043a\u0440\u044b\u0448\u0438 \u043c\u0435\u043c\u0431\u0440\u0430\u043d\u043e\u0439 PVC<\/a><\/h3>\r\n\t\t\t\t\t\t\t\t\t\t\t                    \t\t\t\t\t\t\t\t\t<div class=\"item-readmore\">\r\n\t\t\t                            <a href=\"https:\/\/damlainshaat.az\/ru\/portfolio\/%d1%83%d1%82%d0%b5%d0%bf%d0%bb%d0%b5%d0%bd%d0%b8%d0%b5-%d0%ba%d1%80%d1%8b%d1%88%d0%b8-%d0%bc%d0%b5%d0%bc%d0%b1%d1%80%d0%b0%d0%bd%d0%be%d0%b9-pvc\/\" class=\"pxl-btn outline-under draw in-dark\">\r\n\t\t\t                                <span class=\"draw-top-right\"><\/span>\r\n\t\t\t                                <span class=\"draw-bottom-left\"><\/span>\r\n\t\t\t                                <span class=\"pxl-button-text\">\u041f\u043e\u0434\u0440\u043e\u0431\u043d\u0435\u0435<\/span>\r\n\t\t\t                            <\/a>\r\n\t\t\t                        <\/div>\r\n\t\t                        \t\t\t\t\t\t\t<\/div>\r\n\t\t\t\t\t\t\t\t\t\t\t\t\t\t<div class=\"col-img col-12 col-md-6\">\r\n                                <div class=\"item-image\" style=\"background: url(https:\/\/damlainshaat.az\/wp-content\/uploads\/2022\/06\/PVC-membran-dam-izoylasiya-esas-692x962.webp) center no-repeat; background-size: cover;\">\r\n                                    <img loading=\"lazy\" decoding=\"async\" class=\"no-lazyload \" src=\"https:\/\/damlainshaat.az\/wp-content\/uploads\/2022\/06\/PVC-membran-dam-izoylasiya-esas-692x962.webp\" width=\"692\" height=\"962\" alt=\"PVC membran dam izoylasiya esas\" title=\"PVC membran dam izoylasiya esas\" \/>                                <\/div>\r\n\t\t\t\t\t\t\t<\/div>\r\n\t\t\t\t\t\t\t\t\t\t\t\t\t<\/div>\r\n\t\t\t\t    <\/div>\r\n\t\t\t  \t<\/div>\r\n\t\t\t<\/div>\r\n\t\t         \r\n    <\/div>\r\n     \r\n<\/div>\t\t\t\t<\/div>\n\t\t\t\t<\/div>\n\t\t            <\/div>\r\n        <\/div>\r\n        \t\t\t<\/div>\n\t\t<\/section>\n\t\t\t\t<\/div>\n\t\t","protected":false},"excerpt":{"rendered":"<p>\u0418\u0437\u043e\u043b\u044f\u0446\u0438\u044f \u0442\u0435\u0440\u0440\u0430\u0441\u044b \u041f\u043e\u0434\u0440\u043e\u0431\u043d\u0435\u0435 \u0423\u0442\u0435\u043f\u043b\u0435\u043d\u0438\u0435 \u043a\u0440\u044b\u0448\u0438 \u043c\u0435\u043c\u0431\u0440\u0430\u043d\u043e\u0439 PVC \u041f\u043e\u0434\u0440\u043e\u0431\u043d\u0435\u0435<\/p>\n","protected":false},"author":1,"featured_media":0,"parent":0,"menu_order":0,"comment_status":"closed","ping_status":"closed","template":"","meta":{"footnotes":""},"class_list":["post-12875","page","type-page","status-publish","hentry"],"_links":{"self":[{"href":"https:\/\/damlainshaat.az\/ru\/wp-json\/wp\/v2\/pages\/12875","targetHints":{"allow":["GET"]}}],"collection":[{"href":"https:\/\/damlainshaat.az\/ru\/wp-json\/wp\/v2\/pages"}],"about":[{"href":"https:\/\/damlainshaat.az\/ru\/wp-json\/wp\/v2\/types\/page"}],"author":[{"embeddable":true,"href":"https:\/\/damlainshaat.az\/ru\/wp-json\/wp\/v2\/users\/1"}],"replies":[{"embeddable":true,"href":"https:\/\/damlainshaat.az\/ru\/wp-json\/wp\/v2\/comments?post=12875"}],"version-history":[{"count":4,"href":"https:\/\/damlainshaat.az\/ru\/wp-json\/wp\/v2\/pages\/12875\/revisions"}],"predecessor-version":[{"id":13037,"href":"https:\/\/damlainshaat.az\/ru\/wp-json\/wp\/v2\/pages\/12875\/revisions\/13037"}],"wp:attachment":[{"href":"https:\/\/damlainshaat.az\/ru\/wp-json\/wp\/v2\/media?parent=12875"}],"curies":[{"name":"wp","href":"https:\/\/api.w.org\/{rel}","templated":true}]}}